{"id":75,"date":"2015-01-26T11:07:51","date_gmt":"2015-01-26T10:07:51","guid":{"rendered":"https:\/\/dkf-linck.de\/en\/?page_id=75"},"modified":"2022-01-04T08:46:10","modified_gmt":"2022-01-04T07:46:10","slug":"imprint","status":"publish","type":"page","link":"https:\/\/dkf-linck.de\/en\/imprint\/","title":{"rendered":"Imprint"},"content":{"rendered":"<p style=\"text-align: justify;\" align=\"left\"><strong>Delmenhorster Kork-Fabrik<\/strong><br \/>\n<strong> Arthur Linck GmbH<\/strong><br \/>\nBrendelweg 165<br \/>\nD-27755 Delmenhorst<br \/>\nTelefon: +49 4221 922 80<br \/>\nTelefax: +49 4221 922 888<\/p>\n<p style=\"text-align: justify;\">Managing Partner: Andreas Linck<br \/>\nManaging Director: Uwe Taute<br \/>\nRegistergericht: Amtsgericht Oldenburg<br \/>\nRegisternummer: HRB 140707<\/p>\n<p style=\"text-align: justify;\" align=\"left\"><span style=\"color: #ff0000;\"><span style=\"color: #000000;\">VAT-no.: DE117170798<\/span><br \/>\n<\/span><\/p>\n<p style=\"text-align: justify;\" align=\"left\">Online Realisierung: neusta-communications.de<\/p>\n<p style=\"text-align: justify;\" align=\"left\"><strong>Haftungshinweis:<\/strong><br \/>\nTrotz sorgf\u00e4ltiger inhaltlicher Kontrolle \u00fcbernehmen wir keine Haftung f\u00fcr die Inhalte externer Links. F\u00fcr den Inhalt der verlinkten Seiten sind ausschlie\u00dflich deren Betreiber verantwortlich.<\/p>\n","protected":false},"excerpt":{"rendered":"<p>Delmenhorster Kork-Fabrik Arthur Linck GmbH Brendelweg 165 D-27755 Delmenhorst Telefon: +49 4221 922 80 Telefax: +49 4221 922 888 Managing Partner: Andreas Linck Managing Director: Uwe Taute Registergericht: Amtsgericht Oldenburg Registernummer: HRB 140707 VAT-no.: DE117170798 Online Realisierung: neusta-communications.de Haftungshinweis: Trotz sorgf\u00e4ltiger inhaltlicher Kontrolle \u00fcbernehmen wir keine Haftung f\u00fcr die Inhalte externer Links. F\u00fcr den Inhalt<\/p>\n","protected":false},"author":1,"featured_media":320,"parent":0,"menu_order":0,"comment_status":"closed","ping_status":"closed","template":"","meta":{"footnotes":""},"class_list":["post-75","page","type-page","status-publish","has-post-thumbnail","hentry"],"_links":{"self":[{"href":"https:\/\/dkf-linck.de\/en\/wp-json\/wp\/v2\/pages\/75","targetHints":{"allow":["GET"]}}],"collection":[{"href":"https:\/\/dkf-linck.de\/en\/wp-json\/wp\/v2\/pages"}],"about":[{"href":"https:\/\/dkf-linck.de\/en\/wp-json\/wp\/v2\/types\/page"}],"author":[{"embeddable":true,"href":"https:\/\/dkf-linck.de\/en\/wp-json\/wp\/v2\/users\/1"}],"replies":[{"embeddable":true,"href":"https:\/\/dkf-linck.de\/en\/wp-json\/wp\/v2\/comments?post=75"}],"version-history":[{"count":4,"href":"https:\/\/dkf-linck.de\/en\/wp-json\/wp\/v2\/pages\/75\/revisions"}],"predecessor-version":[{"id":1117,"href":"https:\/\/dkf-linck.de\/en\/wp-json\/wp\/v2\/pages\/75\/revisions\/1117"}],"wp:featuredmedia":[{"embeddable":true,"href":"https:\/\/dkf-linck.de\/en\/wp-json\/wp\/v2\/media\/320"}],"wp:attachment":[{"href":"https:\/\/dkf-linck.de\/en\/wp-json\/wp\/v2\/media?parent=75"}],"curies":[{"name":"wp","href":"https:\/\/api.w.org\/{rel}","templated":true}]}}