{"id":35,"date":"2015-01-26T11:00:19","date_gmt":"2015-01-26T10:00:19","guid":{"rendered":"https:\/\/dkf-linck.de\/en\/?page_id=35"},"modified":"2024-02-23T12:40:11","modified_gmt":"2024-02-23T11:40:11","slug":"raw-material","status":"publish","type":"page","link":"https:\/\/dkf-linck.de\/en\/crown-corks\/raw-material\/","title":{"rendered":"Raw Material"},"content":{"rendered":"<p style=\"text-align: justify;\"><span style=\"vertical-align: inherit;\"><span style=\"vertical-align: inherit;\">Stahlbleche: DKF\u00ae-Kronkorken nach DIN EN 17177 werden aus elektrolytisch verzinntem (ETP) oder elektrolytisch verchromtem Stahl (ECCS) nach DIN EN 10202 hergestellt.<\/span><\/span><\/p>\n<p style=\"text-align: justify;\"><span style=\"vertical-align: inherit;\"><span style=\"vertical-align: inherit;\">Druckfarben sorgen f\u00fcr einen perfekten Markenauftritt bei unseren Kunden. <\/span><span style=\"vertical-align: inherit;\">Eine hochflexible, spezielle Verpackungsbeschichtung sch\u00fctzt die Markenlogos.<\/span><\/span><\/p>\n<p style=\"text-align: justify;\"><span style=\"vertical-align: inherit;\"><span style=\"vertical-align: inherit;\">Dichtungen aus speziellen Polyethylen-Zusammensetzungen nach europ\u00e4ischen Standards sorgen f\u00fcr eine perfekte Abdichtung der Flaschen und sch\u00fctzen so die Produkte unserer Kunden optimal.<\/span><\/span><\/p>\n","protected":false},"excerpt":{"rendered":"<p>Stahlbleche: DKF\u00ae-Kronkorken nach DIN EN 17177 werden aus elektrolytisch verzinntem (ETP) oder elektrolytisch verchromtem Stahl (ECCS) nach DIN EN 10202 hergestellt. Druckfarben sorgen f\u00fcr einen perfekten Markenauftritt bei unseren Kunden. Eine hochflexible, spezielle Verpackungsbeschichtung sch\u00fctzt die Markenlogos. Dichtungen aus speziellen Polyethylen-Zusammensetzungen nach europ\u00e4ischen Standards sorgen f\u00fcr eine perfekte Abdichtung der Flaschen und sch\u00fctzen so die<\/p>\n","protected":false},"author":1,"featured_media":339,"parent":33,"menu_order":0,"comment_status":"closed","ping_status":"closed","template":"","meta":{"footnotes":""},"class_list":["post-35","page","type-page","status-publish","has-post-thumbnail","hentry"],"_links":{"self":[{"href":"https:\/\/dkf-linck.de\/en\/wp-json\/wp\/v2\/pages\/35","targetHints":{"allow":["GET"]}}],"collection":[{"href":"https:\/\/dkf-linck.de\/en\/wp-json\/wp\/v2\/pages"}],"about":[{"href":"https:\/\/dkf-linck.de\/en\/wp-json\/wp\/v2\/types\/page"}],"author":[{"embeddable":true,"href":"https:\/\/dkf-linck.de\/en\/wp-json\/wp\/v2\/users\/1"}],"replies":[{"embeddable":true,"href":"https:\/\/dkf-linck.de\/en\/wp-json\/wp\/v2\/comments?post=35"}],"version-history":[{"count":3,"href":"https:\/\/dkf-linck.de\/en\/wp-json\/wp\/v2\/pages\/35\/revisions"}],"predecessor-version":[{"id":1147,"href":"https:\/\/dkf-linck.de\/en\/wp-json\/wp\/v2\/pages\/35\/revisions\/1147"}],"up":[{"embeddable":true,"href":"https:\/\/dkf-linck.de\/en\/wp-json\/wp\/v2\/pages\/33"}],"wp:featuredmedia":[{"embeddable":true,"href":"https:\/\/dkf-linck.de\/en\/wp-json\/wp\/v2\/media\/339"}],"wp:attachment":[{"href":"https:\/\/dkf-linck.de\/en\/wp-json\/wp\/v2\/media?parent=35"}],"curies":[{"name":"wp","href":"https:\/\/api.w.org\/{rel}","templated":true}]}}